{"id":10,"date":"2022-11-03T11:43:56","date_gmt":"2022-11-03T10:43:56","guid":{"rendered":"https:\/\/italiarappvienna.esteri.it\/?page_id=10"},"modified":"2026-03-27T14:45:50","modified_gmt":"2026-03-27T13:45:50","slug":"litalia-e-le-organizzazioni-internazionali","status":"publish","type":"page","link":"https:\/\/italiarappvienna.esteri.it\/it\/litalia-e-le-organizzazioni-internazionali\/","title":{"rendered":"L&#8217;Italia e le Organizzazioni Internazionali"},"content":{"rendered":"<p style=\"text-align: justify;\">La politica estera italiana attribuisce centralit\u00e0 al multilateralismo nell\u2019affrontare le sfide globali delle relazioni internazionali e riconosce nell\u2019ONU la pi\u00f9 autorevole istanza di legittimazione politica internazionale. Il polo di <strong>Vienna delle Nazioni Unite (UNOV)<\/strong>\u00a0si distingue quale foro multilaterale privilegiato per la trattazione delle sfide globali, declinate anche nella loro dimensione di minacce non tradizionali alla pace ed alla sicurezza internazionali nel XXI secolo. Il polo viennese delle Nazioni Unite rappresenta, sotto molteplici aspetti, un ambito di naturale elaborazione e diffusione di un approccio multidimensionale e onnicomprensivo (c.d.\u00a0<em>comprehensive approach<\/em>) alle sfide globali, in almeno tre grandi aree principali, entro le quali si articola l\u2019attivit\u00e0 politica della Rappresentanza.<\/p>\n<p style=\"text-align: justify;\">Innanzitutto, la grande area della\u00a0<strong>non proliferazione nucleare<\/strong>\u00a0con la partecipazione ai lavori dell<strong>\u2019Agenzia Internazionale per l\u2019Energia Atomica (AIEA)<\/strong>, agenzia specializzata delle Nazioni Unite finalizzata alla promozione dell\u2019uso pacifico dell\u2019energia atomica ed impegnata in una fondamentale azione di contrasto della proliferazione delle armi nucleari, sulla base di quanto previsto in proposito dal TNP. In tale contesto, le questioni nucleari dell\u2019Iran e della Corea del Nord sono oggetto di prioritaria attenzione da parte dell\u2019Agenzia. L\u2019AIEA \u00e8 altres\u00ec attiva nella diffusione di standard di sicurezza &#8211; nella duplice accezione di\u00a0<em>safety<\/em>\u00a0e\u00a0<em>security<\/em>\u00a0&#8211; di centrali ed altre infrastrutture deputate alla gestione ed al trattamento di materiali radioattivi. Inoltre, attraverso il programma di Cooperazione Tecnica, fornisce assistenza per lo sviluppo di progetti anche nei settori medico (diagnosi e terapie radiologiche), idrogeologico (monitoraggio delle acque attraverso la misurazione degli isotopi), agricolo e zootecnico (tecniche di sterilizzazione degli agenti patogeni responsabili di epidemie in coltivazioni ed allevamenti), industriale (test non-invasivi della qualit\u00e0 dei prodotti).<\/p>\n<p style=\"text-align: justify;\">Attiva nel campo della non proliferazione nucleare risulta anche la\u00a0<strong><em>Comprehensive Test Ban Treaty Organziation<\/em>\u00a0(CTBTO)<\/strong>, ad oggi operativa attraverso una Commissione Preparatoria (nell\u2019attesa dell\u2019entrata in vigore del Trattato) ed impegnata in iniziative di controllo su scala globale del rispetto del divieto di esperimenti nucleari.<\/p>\n<p style=\"text-align: justify;\">Vienna \u00e8 inoltre sede dell\u2019<strong>Intesa di Wassenaar<\/strong>\u00a0finalizzata al monitoraggio dei flussi di armi convenzionali e del trasferimento di beni e tecnologie\u00a0<em>dual use<\/em>.<\/p>\n<p style=\"text-align: justify;\">La seconda area di attivit\u00e0 incentrate a Vienna \u00e8 quella della cooperazione internazionale nel contrasto ai fenomeni criminali transfrontalieri, dalla criminalit\u00e0 organizzata, al terrorismo, dal traffico di droghe, armi ed esseri umani, alla corruzione ed al riciclaggio internazionale di denaro, fino alla pirateria ed ai reati ambientali. Di essa si occupa\u00a0<strong>UNODC &#8211; United Nations Office on Drugs and Crime<\/strong>, il cui perimetro di competenza si estende in settori cruciali per la sicurezza nazionale. Il nostro paese si pone da anni in posizione di guida in questo campo. Proprio in Italia, a\u00a0<strong>Palermo<\/strong>, \u00e8 stata firmata nel 2000 la<strong>\u00a0\u201cConvenzione delle Nazioni Unite contro la Criminalit\u00e0 Organizzata Transnazionale\u201d<\/strong>, che ha segnato un progresso significativo nella direzione di una pi\u00f9 efficace collaborazione internazionale nel contrasto alle attivit\u00e0 mafiose.<\/p>\n<p style=\"text-align: justify;\">Accanto a queste due dimensioni, di matrice essenzialmente \u201csecuritaria\u201d, merita una menzione particolare una terza dimensione, che pertiene principalmente gli ambiti della cooperazione allo sviluppo e,\u00a0<em>lato sensu<\/em>, della c.d. \u201cdiplomazia economica\u201d. E\u2019 il caso, in particolare, di\u00a0<strong>UNIDO &#8211; United Nations Industrial Development Organization<\/strong>, di cui l\u2019Italia \u00e8 stata per anni il primo donatore in termini di contributi volontari destinati al finanziamento di progetti di cooperazione tecnica nel settore manifatturiero di numerosi paesi in via di sviluppo. Le iniziative ed i programmi di UNIDO, estesi negli ultimi anni anche ai settori energetico e della c.d.\u00a0<em>green industry<\/em>, hanno rappresentato un efficace volano per la promozione della crescita economica ed occupazionale in regioni strategiche per i nostri interessi, come nel caso del Medio Oriente e della sponda meridionale del Mediterraneo, dischiudendo molteplici opportunit\u00e0 per la penetrazione commerciale delle imprese italiane, e configurandosi al tempo stesso come uno degli strumenti complementari pi\u00f9 efficaci di un approccio onnicomprensivo alle sfide alla sicurezza.<\/p>\n<p style=\"text-align: justify;\">Meritevoli di altrettanta attenzione, in ragione delle immediate ricadute in termini economici e tecnologici, anche l<strong>\u2019UNCITRAL &#8211; United Nations Commission on International Trade Law<\/strong>, ed il\u00a0<strong>COPUOS &#8211; Committee on the Peaceful Uses of Outer Space.<\/strong>\u00a0Quest\u2019ultimo rappresenta ogni anno un\u2019occasione privilegiata per un giro di orizzonti sullo stato della cooperazione internazionale nel settore della ricerca scientifica applicata alle tecnologie spaziali e sui progressi compiuti nella disciplina giuridica delle attivit\u00e0 umane finalizzate all\u2019uso pacifico dello spazio extra-atmosferico. Il ritorno in termini economici e di\u00a0<em>spill-over<\/em>\u00a0tecnici nel settore aerospaziale, gi\u00e0 molto elevato, \u00e8 destinato ad aumentare ulteriormente nei prossimi decenni, creando un solco a vantaggio degli\u00a0<em>space faring countries<\/em>.<\/p>\n<p style=\"text-align: justify;\">Nel complesso, gli ambiti di pertinenza dell\u2019attivit\u00e0 della Rappresentanza svolta presso il polo viennese delle Nazioni Unite rappresentano altrettanti settori d\u2019avanguardia della cooperazione multilaterale, accomunati dal rilievo essenziale assunto dalla dimensione tecnologica e, per questa stessa ragione, al centro della\u00a0<em>governance<\/em>\u00a0globale.<\/p>\n<p style=\"text-align: justify;\">Per uno sguardo pi\u00f9 ampio sul ventaglio di organizzazioni internazionali e intergovernative con sede a Vienna, si consiglia di visitare i seguenti link:<\/p>\n<p>&nbsp;<\/p>\n<p style=\"text-align: justify;\"><strong>Organizzazioni, Organismi ed Uffici internazionali ed intergovernativi ospitati nel Vienna International Center<br \/>\n<\/strong><\/p>\n<p>\u2022 <a href=\"https:\/\/www.ctbto.org\/\">Comprehensive test ban treaty Organization<\/a>\u00a0(CTBTO)<br \/>\n\u2022 <a href=\"https:\/\/www.iaea.org\/\">International Atomic Energy Agency<\/a>\u00a0(IAEA)<br \/>\n\u2022\u00a0<a title=\"INCB\" href=\"http:\/\/www.incb.org\/\">International Narcotics Control Board<\/a> (INCB)<br \/>\n\u2022\u00a0<a title=\"OIOS\" href=\"https:\/\/oios.un.org\/\">Office of Internal Oversight Services<\/a> (OIOS)<br \/>\n\u2022 <a href=\"https:\/\/www.reeep.org\/\">Renewable Energy and Energy Efficiency Partnership<\/a>\u00a0(REEEP)<br \/>\n\u2022\u00a0<a href=\"https:\/\/www.uncitral.org\/\">United Nations Commission on International Trade Law &#8211; International Trade Law Division of the United Nations Secretariat <\/a>(UNCITRAL)<br \/>\n\u2022\u00a0<a title=\"UNEP\" href=\"http:\/\/www.unep.org\/\">United Nations Environment Programme<\/a> (UNEP)<br \/>\n\u2022\u00a0<a title=\"UNEP VIENNA ISCC\" href=\"http:\/\/www.carpathianconvention.org\/\">United Nations Environment Programme &#8211; Interim Secretariat of the Carpathian Convention<\/a> (UNEP Vienna ISCC)<br \/>\n\u2022\u00a0<a title=\"UNHCR\" href=\"https:\/\/www.unhcr.org\/dach\/at\">United Nations High Commissioner for Refugees &#8211; National Office<\/a> (UNHCR)<br \/>\n\u2022 <a href=\"http:\/\/www.unido.org\/\">United Nations Industrial Development Organization<\/a>\u00a0(UNIDO)<br \/>\n\u2022\u00a0<a title=\"UNIS\" href=\"http:\/\/www.unis.unvienna.org\/\">United Nations Information Service<\/a> (UNIS)<br \/>\n\u2022 <a href=\"http:\/\/www.un.org\/disarmament\/\">United Nations Office for Disarmament Affairs<\/a>\u00a0(UNODA)<br \/>\n\u2022\u00a0<a title=\"UNODC\" href=\"https:\/\/www.unodc.org\/unodc\/index.html\">United Nations Office on Drugs and Crime<\/a> (UNODC)<br \/>\n\u2022\u00a0<a title=\"OOSA\" href=\"http:\/\/www.unoosa.org\/\">United Nations Office for Outer Space Affairs<\/a>\u00a0(UNOOSA)<br \/>\n\u2022\u00a0<a title=\"UNOPS\" href=\"http:\/\/www.unops.org\/\">United Nations Office for Project Services<\/a> (UNOPS)<br \/>\n\u2022\u00a0<a title=\"UNPA\" href=\"https:\/\/unstamps.org\/\">United Nations Postal Administration<\/a> (UNPA)<br \/>\n\u2022\u00a0<a href=\"http:\/\/www.unrod.org\/\">United Nations Register of Damage Caused by the Construction of the Wall in the Occupied Palestinian Territory<\/a> (UNRoD)<br \/>\n\u2022\u00a0<a title=\"UNSCEAR\" href=\"http:\/\/www.unscear.org\/\">United Nations Scientific Committee on the Effects of Atomic Radiation<\/a> (UNSCEAR)<\/p>\n<p>&nbsp;<\/p>\n<p><strong>Organizzazioni, Organismi ed Uffici internazionali ed intergovernativi con sede a Vienna, all&#8217;esterno del Vienna International Center:<br \/>\n<\/strong><\/p>\n<p>\u2022 <a title=\"Energy Community\" href=\"https:\/\/www.energy-community.org\">Energy Community &#8211; Secretariat<\/a>\u00a0(EC)<br \/>\n\u2022 <a title=\"European Centre for Social Welfare\" href=\"http:\/\/www.euro.centre.org\/\">European Centre for Social Welfare Policy and Research<\/a>\u00a0(ECSWPR)<br \/>\n\u2022 <a title=\"EIB\" href=\"http:\/\/www.eib.org\">European Investment Bank Office<\/a> (EIB)<br \/>\n\u2022 <a title=\"EPO\" href=\"https:\/\/www.epo.org\/index.html\">European Patent Office<\/a> (EPO)<br \/>\n\u2022 <a title=\"ESPI\" href=\"http:\/\/www.espi.or.at\/\">European Space Policy Institute<\/a> (ESPI)<br \/>\n\u2022 <a title=\"FRA\" href=\"http:\/\/fra.europa.eu\/it\">European Union Agency for Fundamental Rights<\/a> (FRA)<br \/>\n\u2022 <a title=\"IACA\" href=\"https:\/\/www.iaca.int\/\">International Anti-Corruption Academy<\/a> (IACA)<br \/>\n\u2022 <a href=\"https:\/\/www.icmpd.org\/\">International Centre for Migration Policy Development<\/a>\u00a0(ICMPD)<br \/>\n\u2022 <a title=\"ICPDR\" href=\"https:\/\/www.icpdr.org\">International Commission for the Protection of the Danube River<\/a> (ICPDR)<br \/>\n\u2022 <a title=\"IIASA\" href=\"http:\/\/www.iiasa.ac.at\/\">International Institute for Applied System Analysis<\/a> (IIASA)<br \/>\n\u2022 <a title=\"IOM\" href=\"http:\/\/www.iom.int\/\">International Organization for Migration<\/a> (IOM)<br \/>\n\u2022 <a title=\"OFID\" href=\"http:\/\/www.ofid.org\/\">OPEC Fund for International Development<\/a> (OFID)<br \/>\n\u2022 <a title=\"OPEC\" href=\"http:\/\/www.opec.org\/opec_web\/en\/\">Organization of the Petroleum Exporting Countries<\/a> (OPEC)<br \/>\n\u2022 <a title=\"OSCE\" href=\"http:\/\/www.osce.org\/\">Organization for Security and Co-operation in Europe<\/a> (OSCE)<br \/>\n\u2022 <a href=\"http:\/\/www.se4all.org\/\">Sustainable Energy for All<\/a>\u00a0(SE4All)<\/p>\n","protected":false},"excerpt":{"rendered":"La politica estera italiana attribuisce centralit\u00e0 al multilateralismo nell\u2019affrontare le sfide globali delle relazioni internazionali e riconosce nell\u2019ONU la pi\u00f9 autorevole istanza di legittimazione politica internazionale. Il polo di Vienna delle Nazioni Unite (UNOV)\u00a0si distingue quale foro multilaterale privilegiato per la trattazione delle sfide globali, declinate anche nella loro dimensione di minacce non tradizionali alla [&hellip;]","protected":false},"author":2,"featured_media":0,"parent":0,"menu_order":2,"comment_status":"closed","ping_status":"closed","template":"","meta":{"footnotes":""},"class_list":["post-10","page","type-page","status-publish","hentry"],"_links":{"self":[{"href":"https:\/\/italiarappvienna.esteri.it\/it\/wp-json\/wp\/v2\/pages\/10","targetHints":{"allow":["GET"]}}],"collection":[{"href":"https:\/\/italiarappvienna.esteri.it\/it\/wp-json\/wp\/v2\/pages"}],"about":[{"href":"https:\/\/italiarappvienna.esteri.it\/it\/wp-json\/wp\/v2\/types\/page"}],"author":[{"embeddable":true,"href":"https:\/\/italiarappvienna.esteri.it\/it\/wp-json\/wp\/v2\/users\/2"}],"replies":[{"embeddable":true,"href":"https:\/\/italiarappvienna.esteri.it\/it\/wp-json\/wp\/v2\/comments?post=10"}],"version-history":[{"count":3,"href":"https:\/\/italiarappvienna.esteri.it\/it\/wp-json\/wp\/v2\/pages\/10\/revisions"}],"predecessor-version":[{"id":5080,"href":"https:\/\/italiarappvienna.esteri.it\/it\/wp-json\/wp\/v2\/pages\/10\/revisions\/5080"}],"wp:attachment":[{"href":"https:\/\/italiarappvienna.esteri.it\/it\/wp-json\/wp\/v2\/media?parent=10"}],"curies":[{"name":"wp","href":"https:\/\/api.w.org\/{rel}","templated":true}]}}