{"id":132,"date":"2022-11-04T18:50:31","date_gmt":"2022-11-04T17:50:31","guid":{"rendered":"https:\/\/italiarappvienna.esteri.it\/?page_id=132"},"modified":"2026-04-14T15:14:00","modified_gmt":"2026-04-14T13:14:00","slug":"carriere-internazionali","status":"publish","type":"page","link":"https:\/\/italiarappvienna.esteri.it\/it\/servizi-e-opportunita\/carriere-internazionali\/","title":{"rendered":"Carriere internazionali"},"content":{"rendered":"<p>Le Organizzazioni Internazionali sono caratterizzate da un proprio sistema di gradi in cui si articola la progressione in carriera. Si possono distinguere tre livelli:<\/p>\n<ul class=\"ultop\">\n<li>personale impiegatizio reclutato di norma nel Paese dove ha sede l\u2019Istituzione (nel sistema ONU definito General Staff, G);<\/li>\n<li>personale che ricopre incarichi per i quali \u00e8 richiesto il diploma di laurea (nel sistema ONU si parla di Professionals, P, che vanno da P1 a P5);<\/li>\n<li>alta dirigenza (nel sistema ONU si chiamano Directors, di livello D1 e D2).<\/li>\n<\/ul>\n<p>La posizione P1 rappresenta il livello iniziale per i laureati e non richiede, di regola, particolari esperienze lavorative. Per un posto da P2 possono essere richiesti fino a 3 anni d\u2019esperienza, per un P3 da 4 a 6 anni, per un P4 da 7 a 10 anni, da 10 a 15 anni per un P5. Sono riferimenti indicativi, perch\u00e9 i requisiti variano da un\u2019Organizzazione all\u2019altra.<\/p>\n<p><strong><span class=\"sottotitolo\">Salario ed indennit\u00e0<\/span><\/strong><\/p>\n<p>La retribuzione si compone di due elementi principali: il salario base e le indennit\u00e0. Informazioni relative alle retribuzioni in ambito ONU sono disponibili al seguente link:<\/p>\n<p><a href=\"https:\/\/careers.un.org\/lbw\/home.aspx?viewtype=sal&amp;lang=en-US\">https:\/\/careers.un.org\/lbw\/home.aspx?viewtype=sal&amp;lang=en-US<\/a>.<\/p>\n<p>In alcuni casi, ai funzionari sono garantiti dei benefit: dall\u2019affitto della casa alla scuola dei figli. Poi ci sono i cosiddetti post adjustments, ulteriori indennit\u00e0 legate al costo della vita (come la variazione del tasso di cambio) della sede di lavoro. La correzione viene effettuata mensilmente e mira ad assicurare ai salari dell\u2019Organizzazione parit\u00e0 di potere d\u2019acquisto in tutte le sedi. Gli aggiustamenti dipendono dal livello del funzionario e dal numero dei familiari a carico. Le informazioni sulla retribuzione sono contenute nelle stesse vacanze di posto.<\/p>\n<p><strong><span class=\"sottotitolo\">Contratti a termine, et\u00e0 limite<\/span><\/strong><\/p>\n<p>I contratti di lavoro delle Organizzazioni Internazionali hanno per lo pi\u00f9 una durata determinata (da uno a tre anni). In alcuni casi sono rinnovabili, ma alcune Istituzioni pongono un limite al numero dei rinnovi. Questo si riferisce alla singola posizione e non agli anni complessivi di servizio prestati da un funzionario.<br \/>\nPensione: all\u2019ONU e in molte delle agenzie delle Nazioni Unite i nuovi assunti, se continuano la carriera interna, dovranno andare in pensione a 60 anni. Molte Organizzazioni preferiscono assumere candidati che completino almeno 5 anni di servizio prima del raggiungimento dell\u2019et\u00e0 pensionabile. Nei programmi di assistenza tecnica, in cui gli incarichi sono brevi e gli aspetti pensionistici non vengono considerati, l\u2019et\u00e0 non \u00e8 un fattore che pesa sul meccanismo di selezione. Neanche per i consulenti esiste un\u2019et\u00e0 pensionabile.<\/p>\n<p><strong><span class=\"sottotitolo\">Ripartizione geografica dei posti e pari condizioni di accesso<\/span><\/strong><\/p>\n<p>Le Organizzazioni Internazionali perseguono un\u2019equilibrata ripartizione del personale per Paese di provenienza. A ciascuno Stato membro viene attribuita una percentuale di personale, calcolata in base a fattori quali i contributi versati o la popolazione. Va anche rilevato che da alcuni anni la maggior parte delle Istituzioni Internazionali seguono una politica di reclutamento volta a privilegiare (a parit\u00e0 di condizioni) le candidature femminili, al fine di realizzare una equilibrata presenza di entrambi i sessi.<\/p>\n<p><span class=\"sottotitolo\"><br \/>\n<strong>REQUISITI PER PRESENTARE DOMANDA PER UN POSTO VACANTE<\/strong><\/span><\/p>\n<p>Quattro sono i requisiti cardine per aspirare ad un posto vacante: esperienza, formazione, lingue, capacit\u00e0\/attitudini.<\/p>\n<ul class=\"ultop\">\n<li><span class=\"data\">Esperienza.<\/span>\u00a0\u00c8 l\u2019ambito di selezione pi\u00f9 restrittivo. Occorre avere al proprio attivo il numero di anni richiesti e sapere che dalle Organizzazioni Internazionali viene considerata come esperienza professionale quella maturata dopo il conseguimento della laurea. In alcuni casi, una breve esperienza lavorativa pu\u00f2 essere equiparata ad un titolo di studio post laurea.<\/li>\n<li>Formazione. Nell\u2019avviso viene\u00a0sempre specificato il titolo di studio richiesto. \u00c8 di norma necessario il completamento del secondo livello di studi universitari, \u00e8 tuttavia possibile che venga richiesto un livello meno elevato di formazione, in particolare se abbinato ad una rilevante esperienza professionale.<\/li>\n<li><span class=\"data\">Lingue:\u00a0<\/span>Due sono le lingue preferibilmente richieste: l\u2019inglese e francese. Pu\u00f2 essere necessaria la conoscenza di un idioma particolare. \u00c8 bene fare attenzione al livello richiesto:\u201dEccellente\u201d (excellent, fluent): implica una perfetta padronanza; \u201cConoscenza di lavoro\u201d (working knowledge): significa capacit\u00e0 di lavorare in modo indipendente, preparare ogni tipo di documento (da una lettera a un rapporto), partecipare attivamente a riunioni e discussioni professionali nella lingua indicata; \u201cConoscenza limitata\u201d (limited knowledge) metter\u00e0 il funzionario in condizione di telefonare, leggere testi di lavoro, redigere brevi rapporti, seguire riunioni o discussioni, scegliendo per\u00f2 un altro idioma ufficiale dell\u2019Organizzazione per intervenire.<br \/>\nAll\u2019ONU le lingue ufficiali sono sei (arabo, cinese, francese, inglese, russo e spagnolo). L\u2019inglese e il francese sono quelle utilizzate.<\/li>\n<li><span class=\"data\">Capacit\u00e0\/attitudini.<\/span>\u00a0Tra le qualit\u00e0 maggiormente richieste troviamo:la flessibilit\u00e0; lo spirito d\u2019iniziativa; l\u2019equilibrio di giudizio; la capacit\u00e0 di lavorare sotto pressione, progettare e organizzare attivit\u00e0, stabilire e mantenere proficue relazioni di lavoro; abilit\u00e0 nel redigere documenti efficaci, gestire riunioni, parlare in pubblico; disponibilit\u00e0 a viaggiare frequentemente in Paesi in via di sviluppo. Richiesta la conoscenza di programmi informatici.<br \/>\nA seconda del titolo di studio e dell\u2019esperienza maturata variano le possibilit\u00e0 offerte dalle organizzazioni internazionali.<\/li>\n<\/ul>\n<p>&nbsp;<\/p>\n<p><strong>PORTALE ELENCO FUNZIONARI INTERNAZIONALI<\/strong><\/p>\n<p>La banca dati denominata \u201cElenco dei funzionari internazionali di cittadinanza italiana\u201d, istituita ai sensi dell\u2019art. 2, comma 7, legge 17\/12\/2010, n. 227, e tenuta in modalit\u00e0 informatica, ha lo scopo di facilitare la mobilit\u00e0 dei funzionari italiani da e verso le organizzazioni internazionali. I cittadini italiani che svolgono o che hanno svolto funzioni professionali o direttive, in base a rapporto di lavoro dipendente, presso organizzazioni internazionali per almeno due anni continuativi ovvero per almeno tre anni non continuativi possono richiedere l\u2019iscrizione in tale elenco.<br \/>\nAi funzionari internazionali iscritti nell\u2019elenco, vengono riconosciuti titoli di merito ai fini della partecipazione a concorsi indetti dalle amministrazioni pubbliche e facilitazioni per aspettative familiari.<br \/>\nL\u2019elenco \u00e8 pubblicato sul sito internet del Ministero degli affari esteri, che ne d\u00e0 pubblicit\u00e0 sia presso le amministrazioni pubbliche che presso le imprese private.<br \/>\nL\u2019iscrizione all\u2019elenco \u00e8 possibile tramite il seguente\u00a0<a class=\"\" href=\"https:\/\/elencofunzionari.esteri.it\/\" data-focus-mouse=\"false\">link<\/a><\/p>\n<p>&nbsp;<\/p>\n<p><strong>CONTATTI<\/strong><\/p>\n<p>Per informazioni non reperibili su questo sito, \u00e8 possibile contattare l\u2019Unit\u00e0 per la promozione dell\u2019Italia nelle Organizzazioni internazionali (DGAP) ai seguenti recapiti:<\/p>\n<p>Direzione generale per gli affari politici e la sicurezza internazionale<br \/>\nUnit\u00e0 per la promozione dell\u2019Italia nelle Organizzazioni internazionali<br \/>\nE-mail:\u00a0<a href=\"mailto:candidature@esteri.it\">candidature@esteri.it<\/a><br \/>\nPec:\u00a0<a href=\"mailto:candidature@cert.esteri.it\">candidature@cert.esteri.it<\/a><\/p>\n<p>&nbsp;<\/p>\n<p><strong>Per informazioni sui posti vacanti presso le Organizzazioni Internazionali di competenza di questa sede<\/strong>, si rimanda alle seguenti pagine:<\/p>\n<p><a href=\"https:\/\/iaea.taleo.net\/careersection\/ex\/jobsearch.ftl\"><span class=\"st\">AIEA &#8211; Agenzia internazionale per l&#8217;energia atomica<\/span><\/a><\/p>\n<p><a href=\"https:\/\/jobs.ctbto.org\/ERecruitmentPublicWeb\/rss.do\"><span class=\"st\">CTBTO &#8211; Organizzazione del Trattato sulla messa al bando totale degli esperimenti nucleari<\/span><\/a><\/p>\n<p><a href=\"https:\/\/uncitral.un.org\/en\/about\/vacancies_internships\">UNCITRAL &#8211; Commissione delle Nazioni Unite per il diritto commerciale internazionale Nazioni Unite per il diritto commerciale internazionale<\/a><\/p>\n<p><a href=\"https:\/\/careers.unido.org\/?_ga=2.86202264.1273189647.1697537508-830574142.1697537507\"><span class=\"st\">UNIDO &#8211; Organizzazione delle Nazioni Unite per lo Sviluppo Industriale<\/span><\/a><\/p>\n<p><a href=\"https:\/\/www.unodc.org\/unodc\/en\/about-unodc\/employment-opportunities.html\">UNODC &#8211; Ufficio delle Nazioni Unite sulle Droghe ed il Crimine<\/a><\/p>\n<p><a href=\"http:\/\/www.unoosa.org\/oosa\/en\/aboutus\/employment.html\">UNOOSA &#8211; Ufficio delle Nazioni Unite per gli affari dello spazio extra-atmosferico<\/a><\/p>\n","protected":false},"excerpt":{"rendered":"Le Organizzazioni Internazionali sono caratterizzate da un proprio sistema di gradi in cui si articola la progressione in carriera. Si possono distinguere tre livelli: personale impiegatizio reclutato di norma nel Paese dove ha sede l\u2019Istituzione (nel sistema ONU definito General Staff, G); personale che ricopre incarichi per i quali \u00e8 richiesto il diploma di laurea [&hellip;]","protected":false},"author":4,"featured_media":0,"parent":12,"menu_order":0,"comment_status":"closed","ping_status":"closed","template":"","meta":{"footnotes":""},"class_list":["post-132","page","type-page","status-publish","hentry"],"_links":{"self":[{"href":"https:\/\/italiarappvienna.esteri.it\/it\/wp-json\/wp\/v2\/pages\/132","targetHints":{"allow":["GET"]}}],"collection":[{"href":"https:\/\/italiarappvienna.esteri.it\/it\/wp-json\/wp\/v2\/pages"}],"about":[{"href":"https:\/\/italiarappvienna.esteri.it\/it\/wp-json\/wp\/v2\/types\/page"}],"author":[{"embeddable":true,"href":"https:\/\/italiarappvienna.esteri.it\/it\/wp-json\/wp\/v2\/users\/4"}],"replies":[{"embeddable":true,"href":"https:\/\/italiarappvienna.esteri.it\/it\/wp-json\/wp\/v2\/comments?post=132"}],"version-history":[{"count":6,"href":"https:\/\/italiarappvienna.esteri.it\/it\/wp-json\/wp\/v2\/pages\/132\/revisions"}],"predecessor-version":[{"id":5436,"href":"https:\/\/italiarappvienna.esteri.it\/it\/wp-json\/wp\/v2\/pages\/132\/revisions\/5436"}],"up":[{"embeddable":true,"href":"https:\/\/italiarappvienna.esteri.it\/it\/wp-json\/wp\/v2\/pages\/12"}],"wp:attachment":[{"href":"https:\/\/italiarappvienna.esteri.it\/it\/wp-json\/wp\/v2\/media?parent=132"}],"curies":[{"name":"wp","href":"https:\/\/api.w.org\/{rel}","templated":true}]}}