{"id":139,"date":"2022-11-04T18:54:48","date_gmt":"2022-11-04T17:54:48","guid":{"rendered":"https:\/\/italiarappvienna.esteri.it\/?page_id=139"},"modified":"2026-04-08T17:26:17","modified_gmt":"2026-04-08T15:26:17","slug":"stampa","status":"publish","type":"page","link":"https:\/\/italiarappvienna.esteri.it\/it\/notizie\/stampa\/","title":{"rendered":"Sala Stampa"},"content":{"rendered":"<p>L\u2019Ufficio Stampa gestisce i rapporti con i media. L\u2019Ufficio promuove e cura le iniziative di diplomazia pubblica e la comunicazione della Rappresentanza.<\/p>\n<p><a href=\"https:\/\/italiarappvienna.esteri.it\/it\/litalia-e-le-organizzazioni-internazionali\/aiea\/nucleare-e-non-proliferazione\/regole-duso-dei-social-media\/\">Netiquette dei social media della Rappresentanza<\/a><\/p>\n<p>Per contattarci: tel. +43 1 535 16 29; e-mail: <a href=\"mailto:rapponuvienna@esteri.it\">rapponuvienna@esteri.it<\/a><\/p>\n<p>&nbsp;<\/p>\n<p>Per quanto riguarda l\u2019accreditamento presso l\u2019UNOV e le Organizzazioni Internazionali che hanno sede a Vienna, si prega di seguire le indicazioni fornite direttamente dal\u00a0<a href=\"https:\/\/www.unvienna.org\/unvienna\/en\/2nd\/media-accreditation.html\">Servizio di Informazione<\/a>\u00a0delle Nazioni Unite presso Vienna.<\/p>\n<p>La procedura di accreditamento al Vienna International Centre (VIC) \u00e8 riservata ai giornalisti professionisti che operano per media riconosciuti e prevede due modalit\u00e0 principali: temporanea, per la copertura di singoli eventi, e annuale, per un accesso continuativo. In entrambi i casi \u00e8 necessario presentare una richiesta \u2014 via email per gli eventi o tramite modulo online per l\u2019accreditamento annuale \u2014 corredata da documentazione che attesti l\u2019attivit\u00e0 giornalistica (lettera ufficiale dell\u2019organizzazione di appartenenza, tesserino stampa, documento d\u2019identit\u00e0 e prove recenti del lavoro svolto). La domanda \u00e8 valutata dall\u2019United Nations Information Service Vienna (UNIS), che pu\u00f2 richiedere ulteriori informazioni prima dell\u2019approvazione. Una volta ricevuta conferma, il badge deve essere ritirato personalmente presso il Security Pass Office del VIC. L\u2019accreditamento \u00e8 gratuito, personale e soggetto a rinnovo nel caso di quello annuale. Per chiarimenti \u00e8 possibile contattare l\u2019UNIS all\u2019indirizzo <a href=\"mailto:media.unis@un.org\">media.unis@un.org<\/a>.<\/p>\n<p>Per maggiori informazioni e approfondimenti:<\/p>\n<p><a href=\"https:\/\/unis.unvienna.org\/unis\/en\/media\/handbook-for-journalists.html\"><u>Handbook for Journalists<\/u><\/a><\/p>\n<p><a href=\"https:\/\/www.flickr.com\/photos\/unisvienna\/\"><u>Photos<\/u> <\/a><\/p>\n<p><a href=\"https:\/\/unis.unvienna.org\/unis\/en\/media\/filming-at-the-vic.html\"><u>Filming at the VIC<\/u><\/a><\/p>\n<p>&nbsp;<\/p>\n<p>L\u2019AIEA prevede uno specifico processo di accreditamento:<\/p>\n<p>Prima di ogni conferenza stampa, l\u2019Ufficio Stampa dell\u2019AIEA pubblica un Media Advisory sul sito dell\u2019AIEA.<\/p>\n<p>Ogni Media Advisory contiene le seguenti informazioni rivolte ai giornalisti che intendono partecipare alla conferenza stampa:<\/p>\n<p>Tutti i giornalisti sono tenuti a comunicare all\u2019Ufficio Stampa dell\u2019AIEA le proprie intenzioni di partecipare. I giornalisti gi\u00e0 in possesso di credenziali permanenti presso il VIC non necessitano di credenziali aggiuntive. Invitiamo i giornalisti che non siano ancora accreditati in via permanente di provvedere in tal senso rivolgendosi a UNIS Vienna.<br \/>\nGli altri giornalisti possono rivolgersi al Press Office dell&#8217;Agenzia: <a href=\"https:\/\/www.iaea.org\/press\/contacts\">https:\/\/www.iaea.org\/press\/contacts<\/a><\/p>\n<p>Per ulteriori informazioni:<br \/>\nIAEA Press Office<br \/>\n<a href=\"https:\/\/www.iaea.org\/press\">https:\/\/www.iaea.org\/press<\/a><\/p>\n<p>&nbsp;<\/p>\n<p>Per quanto riguarda le altre Organizzazioni, bisogna seguire le <a href=\"https:\/\/www.unvienna.org\/unvienna\/en\/2nd\/media-accreditation.html\">istruzioni di accreditamento<\/a> presso il Vienna International Center.<\/p>\n","protected":false},"excerpt":{"rendered":"L\u2019Ufficio Stampa gestisce i rapporti con i media. L\u2019Ufficio promuove e cura le iniziative di diplomazia pubblica e la comunicazione della Rappresentanza. Netiquette dei social media della Rappresentanza Per contattarci: tel. +43 1 535 16 29; e-mail: rapponuvienna@esteri.it &nbsp; Per quanto riguarda l\u2019accreditamento presso l\u2019UNOV e le Organizzazioni Internazionali che hanno sede a Vienna, si [&hellip;]","protected":false},"author":4,"featured_media":0,"parent":14,"menu_order":0,"comment_status":"closed","ping_status":"closed","template":"","meta":{"footnotes":""},"class_list":["post-139","page","type-page","status-publish","hentry"],"_links":{"self":[{"href":"https:\/\/italiarappvienna.esteri.it\/it\/wp-json\/wp\/v2\/pages\/139","targetHints":{"allow":["GET"]}}],"collection":[{"href":"https:\/\/italiarappvienna.esteri.it\/it\/wp-json\/wp\/v2\/pages"}],"about":[{"href":"https:\/\/italiarappvienna.esteri.it\/it\/wp-json\/wp\/v2\/types\/page"}],"author":[{"embeddable":true,"href":"https:\/\/italiarappvienna.esteri.it\/it\/wp-json\/wp\/v2\/users\/4"}],"replies":[{"embeddable":true,"href":"https:\/\/italiarappvienna.esteri.it\/it\/wp-json\/wp\/v2\/comments?post=139"}],"version-history":[{"count":5,"href":"https:\/\/italiarappvienna.esteri.it\/it\/wp-json\/wp\/v2\/pages\/139\/revisions"}],"predecessor-version":[{"id":5213,"href":"https:\/\/italiarappvienna.esteri.it\/it\/wp-json\/wp\/v2\/pages\/139\/revisions\/5213"}],"up":[{"embeddable":true,"href":"https:\/\/italiarappvienna.esteri.it\/it\/wp-json\/wp\/v2\/pages\/14"}],"wp:attachment":[{"href":"https:\/\/italiarappvienna.esteri.it\/it\/wp-json\/wp\/v2\/media?parent=139"}],"curies":[{"name":"wp","href":"https:\/\/api.w.org\/{rel}","templated":true}]}}