{"id":229,"date":"2023-07-12T10:13:03","date_gmt":"2023-07-12T08:13:03","guid":{"rendered":"https:\/\/italiarappvienna.esteri.it\/?page_id=229"},"modified":"2026-04-13T12:04:21","modified_gmt":"2026-04-13T10:04:21","slug":"unoosa","status":"publish","type":"page","link":"https:\/\/italiarappvienna.esteri.it\/it\/litalia-e-le-organizzazioni-internazionali\/unoosa\/","title":{"rendered":"Spazio extra-atmosferico (UNOOSA)"},"content":{"rendered":"<p style=\"text-align: center;\"><a href=\"https:\/\/www.unoosa.org\/\"><img loading=\"lazy\" decoding=\"async\" class=\"aligncenter size-medium wp-image-302 img-fluid\" src=\"https:\/\/italiarappvienna.esteri.it\/wp-content\/uploads\/2023\/07\/unoosa_logo-300x73.png\" alt=\"\" width=\"300\" height=\"73\" srcset=\"https:\/\/italiarappvienna.esteri.it\/wp-content\/uploads\/2023\/07\/unoosa_logo-300x73.png 300w, https:\/\/italiarappvienna.esteri.it\/wp-content\/uploads\/2023\/07\/unoosa_logo.png 396w\" sizes=\"auto, (max-width: 300px) 100vw, 300px\" \/><\/a><\/p>\n<p style=\"text-align: justify;\">L&#8217;<strong><a href=\"http:\/\/www.unoosa.org\/\">UNOOSA<\/a> (United Nations Office for Outer Space Affairs)<\/strong> dipende dal Segretariato delle Nazioni Unite e ha il compito di promuovere la cooperazione internazionale negli usi pacifici dello spazio.<br \/>\nL\u2019Ufficio si articola in due sezioni: 1) Servizi di supporto e ricerca per i lavori del <strong>Comitato per l\u2019Uso Pacifico dello Spazio Extra-atmosferico (COPUOS)<\/strong> e dei relativi Sottocomitati; 2) Applicazioni Spaziali. Fatta salva la relazione primaria e simbiotica con il COPUOS, UNOOSA cura il coordinamento delle attivit\u00e0 spaziali di natura civile svolte in ambito Nazioni Unite, anche attraverso riunioni annuali interagenzia dell\u2019UN \u2013 Coordination of Outer Space Activities (UNCOSA), di cui fanno parte, tra gli altri, AIEA, FAO, IMO, ITU, UNEP, UNESCO, UNDP e WMO. L\u2019Ufficio riferisce al COPUOS sugli esiti di tali riunioni.<\/p>\n<p style=\"text-align: justify;\">UNOOSA si occupa della gestione ed esecuzione del <strong>Programma Applicazioni Spaziali delle Nazioni Unite<\/strong>. Il Programma fornisce un framework alle attivit\u00e0 e iniziative ONU finalizzate allo sviluppo di capacit\u00e0 e tecnologie spaziali nei paesi membri, in particolare nei LDCs. Nella realizzazione di tale Programma, l\u2019Ufficio si avvale della collaborazione di centri regionali specializzati nell\u2019alta formazione e nel capacity building, tanto sul piano tecnico quanto su quello della regolamentazione giuridica. Anche il Programma \u201cUN-SPIDER\u201d (United Nations Platform for Space-based Information for Disaster Management and Emergency Response) per il monitoraggio satellitare dei disastri naturali e la gestione rapida delle emergenze \u00e8 sottoposto al diretto coordinamento di UNOOSA, che presta altres\u00ec il proprio sostegno alle attivit\u00e0 dell\u2019 \u201cInternational Committee on Global Navigation Satellite Systems\u201d (ICG).<\/p>\n<p style=\"text-align: justify;\">Sulla base della relativa Convenzione del 1976, l\u2019Ufficio tiene anche il \u201c<strong>Registro degli oggetti lanciati nello spazio<\/strong>\u201d.<\/p>\n<p style=\"text-align: justify;\">UNOOSA \u00e8 infine incaricato di organizzare, su specifico mandato dell\u2019Assemblea Generale, le <strong>conferenze UNISPACE<\/strong> sull\u2019esplorazione e l\u2019uso pacifico dello spazio. L\u2019ultima di tali conferenze (UNISPACE+50) si \u00e8 svolta a Vienna il 18-21 giugno 2018, in occasione del cinquantesimo anniversario della prima Conferenza delle Nazioni Unite sullo Spazio. Tale evento \u00e8 stato accompagnato dall\u2019approvazione di una risoluzione che celebra i risultati ottenuti negli ultimi 50 anni nella cooperazione internazionale per l\u2019uso pacifico dello spazio, tracciando altres\u00ec la direzione per i prossimi anni. Sulla base di questa risoluzione, nella sessione del Comitato per gli Usi Pacifici dello Spazio Extra-Atmosferico (COPUOS) immediatamente successiva a UNISPACE+50, \u00e8 stato istituito un gruppo di lavoro, co-presieduto dall\u2019Italia, che ha elaborato l\u2019Agenda 2030 per lo Spazio, con l\u2019obiettivo di rafforzare il contributo della tecnologia e delle applicazioni spaziali al raggiungimento degli obiettivi di sviluppo sostenibile. Innumerevoli sono gli esempi di applicazione delle tecnologie spaziali al fine di raggiungere gli obiettivi di sviluppo sostenibile, tra i quali il sostegno al sistema di telecomunicazioni, il monitoraggio continuo di fenomeni legati alla deforestazione, al cambiamento climatico, la mappatura dei flussi migratori, la sorveglianza epidemiologica, il miglioramento della produzione agricola e delle risposte ai disastri naturali. L\u2019Agenda 2030 per lo Spazio \u00e8 stata adottata dal COPUOS e successivamente dall\u2019Assemblea Generale nel 2021 e, nella scia della sua attuazione, ha contribuito all\u2019inclusione dei temi legati all\u2019uso pacifico dello spazio sia nel SDG Summit del 2023 che nel Patto per il Futuro, adottato dal \u201cSummit of the Future\u201d nel 2024.<\/p>\n<p>&nbsp;<\/p>\n<p style=\"text-align: justify;\"><strong>Il Comitato per l&#8217;uso pacifico dello spazio extra-atmosferico (COPUOS)<\/strong><\/p>\n<p style=\"text-align: justify;\">Tra le attivit\u00e0 che impegnano maggiormente l\u2019Ufficio spicca la preparazione delle sessioni regolari del COPUOS e dei suoi organi sussidiari: il Sottocomitato Tecnico-Scientifico (STSC) e il Sottocomitato Giuridico (LSC). UNOOSA funge, inoltre, da segretariato per il Comitato che costituisce l\u2019unico foro globale nel quale sono riuniti sia paesi che detengono le tecnologie spaziali (c.d. space-faring countries) sia paesi che beneficiano delle applicazioni di tali tecnologie. Gli Stati Membri del COPUOS, rapidamente cresciuti nel corso degli ultimi anni, sono, ad oggi, 104. I principali compiti previsti dal mandato del COPUOS sono:<br \/>\na) l\u2019esame delle attivit\u00e0 di cooperazione internazionale nel settore dello spazio;<br \/>\nb) l\u2019elaborazione di programmi di cooperazione che possano essere realizzati sotto gli auspici delle Nazioni Unite;<br \/>\nc) la promozione della ricerca scientifica nel settore spaziale e la diffusione dei risultati conseguiti;<br \/>\nd) la trattazione di questioni inerenti la disciplina giuridica delle attivit\u00e0 connesse all\u2019esplorazione ed agli impieghi pacifici dello spazio.<br \/>\nIl rapporto finale del COPUOS viene annualmente adottato in IV Commissione dell\u2019Assemblea Generale ONU con la Risoluzione per l\u2019Uso Pacifico dello Spazio.<\/p>\n<p style=\"text-align: justify;\">Particolare rilevanza, tra i temi affrontati al momento dal COPUOS, rivestono la sostenibilit\u00e0 di lungo termine (LTS) delle attivit\u00e0 spaziali e l\u2019esplorazione e lo sfruttamento delle risorse spaziali (ad es. acqua e risorse minerarie). Un gruppo di lavoro del Sottocomitato scientifico-tecnico si sta occupando di monitorare l\u2019attuazione di un primo set di 21 linee guida LTS (adottate tra il 2016 e il 2018) ed eventualmente produrne di nuove. Un secondo gruppo di lavoro, all\u2019interno del sottocomitato giuridico, si sta invece dedicando all\u2019analisi di un possibile quadro regolatorio per l\u2019utilizzazione delle risorse spaziali.<\/p>\n<p>&nbsp;<\/p>\n<p style=\"text-align: center;\"><img loading=\"lazy\" decoding=\"async\" class=\"aligncenter size-medium wp-image-304 img-fluid\" src=\"https:\/\/italiarappvienna.esteri.it\/wp-content\/uploads\/2023\/07\/5789583541_7aff47a6c2_b-300x210.jpg\" alt=\"\" width=\"300\" height=\"210\" srcset=\"https:\/\/italiarappvienna.esteri.it\/wp-content\/uploads\/2023\/07\/5789583541_7aff47a6c2_b-300x210.jpg 300w, https:\/\/italiarappvienna.esteri.it\/wp-content\/uploads\/2023\/07\/5789583541_7aff47a6c2_b-768x537.jpg 768w, https:\/\/italiarappvienna.esteri.it\/wp-content\/uploads\/2023\/07\/5789583541_7aff47a6c2_b.jpg 1000w\" sizes=\"auto, (max-width: 300px) 100vw, 300px\" \/><\/p>\n<p>&nbsp;<\/p>\n<p style=\"text-align: justify;\"><strong>Italia e UNOOSA<\/strong><br \/>\nSi conferma l\u2019importanza che l\u2019Italia attribuisce alla diplomazia dello spazio. In questa prospettiva, UNOOSA e COPUOS mantengono il proprio, indiscutibile rilievo, in quanto forum internazionali di grande visibilit\u00e0, ove risultati, sviluppi e prospettive della nostra ricerca nel settore spaziale sono ampiamente valorizzati.<\/p>\n<p style=\"text-align: justify;\">L\u2019Italia, tra i membri originari del COPUOS, ha, sin dal principio, contribuito attivamente ai lavori del Comitato, dei Sottocomitati, e dei Gruppi di Lavoro su singole tematiche. Il nostro Paese partecipa assiduamente alle iniziative di formazione e capacity building promossi dall\u2019Organismo, anche attraverso il contributo fornito da esperti di Universit\u00e0 e Centri di Ricerca nazionali agli eventi promossi nel quadro del Programma Applicazioni Spaziali delle Nazioni Unite.<br \/>\nL\u2019Agenzia Spaziale Italiana (ASI) e il Centro Nazionale per le Ricerche sono gli enti nazionali di riferimento che contribuiscono con i loro esperti alle attivit\u00e0 del Comitato.<\/p>\n<p>L\u2019Italia, infine, ricopre il ruolo di <strong>Presidente del COPUOS nel biennio 2026-2027<\/strong>.<\/p>\n<p>&nbsp;<\/p>\n<p style=\"text-align: right;\">Ultimo aggiornamento: aprile 2026<\/p>\n<p>&nbsp;<\/p>\n","protected":false},"excerpt":{"rendered":"L&#8217;UNOOSA (United Nations Office for Outer Space Affairs) dipende dal Segretariato delle Nazioni Unite e ha il compito di promuovere la cooperazione internazionale negli usi pacifici dello spazio. L\u2019Ufficio si articola in due sezioni: 1) Servizi di supporto e ricerca per i lavori del Comitato per l\u2019Uso Pacifico dello Spazio Extra-atmosferico (COPUOS) e dei relativi [&hellip;]","protected":false},"author":1,"featured_media":0,"parent":10,"menu_order":10,"comment_status":"closed","ping_status":"closed","template":"","meta":{"footnotes":""},"class_list":["post-229","page","type-page","status-publish","hentry"],"_links":{"self":[{"href":"https:\/\/italiarappvienna.esteri.it\/it\/wp-json\/wp\/v2\/pages\/229","targetHints":{"allow":["GET"]}}],"collection":[{"href":"https:\/\/italiarappvienna.esteri.it\/it\/wp-json\/wp\/v2\/pages"}],"about":[{"href":"https:\/\/italiarappvienna.esteri.it\/it\/wp-json\/wp\/v2\/types\/page"}],"author":[{"embeddable":true,"href":"https:\/\/italiarappvienna.esteri.it\/it\/wp-json\/wp\/v2\/users\/1"}],"replies":[{"embeddable":true,"href":"https:\/\/italiarappvienna.esteri.it\/it\/wp-json\/wp\/v2\/comments?post=229"}],"version-history":[{"count":6,"href":"https:\/\/italiarappvienna.esteri.it\/it\/wp-json\/wp\/v2\/pages\/229\/revisions"}],"predecessor-version":[{"id":5335,"href":"https:\/\/italiarappvienna.esteri.it\/it\/wp-json\/wp\/v2\/pages\/229\/revisions\/5335"}],"up":[{"embeddable":true,"href":"https:\/\/italiarappvienna.esteri.it\/it\/wp-json\/wp\/v2\/pages\/10"}],"wp:attachment":[{"href":"https:\/\/italiarappvienna.esteri.it\/it\/wp-json\/wp\/v2\/media?parent=229"}],"curies":[{"name":"wp","href":"https:\/\/api.w.org\/{rel}","templated":true}]}}