{"id":232,"date":"2023-07-12T10:14:28","date_gmt":"2023-07-12T08:14:28","guid":{"rendered":"https:\/\/italiarappvienna.esteri.it\/?page_id=232"},"modified":"2026-04-13T12:06:27","modified_gmt":"2026-04-13T10:06:27","slug":"uncitral","status":"publish","type":"page","link":"https:\/\/italiarappvienna.esteri.it\/it\/litalia-e-le-organizzazioni-internazionali\/uncitral\/","title":{"rendered":"Diritto commerciale internazionale (UNCITRAL)"},"content":{"rendered":"<p style=\"text-align: center;\"><a href=\"https:\/\/uncitral.un.org\/en\"><img loading=\"lazy\" decoding=\"async\" class=\"alignnone size-full wp-image-264 img-fluid\" src=\"https:\/\/italiarappvienna.esteri.it\/wp-content\/uploads\/2023\/07\/LOGO-UNCITRAL.jpg\" alt=\"\" width=\"223\" height=\"226\" \/><\/a><\/p>\n<p style=\"text-align: justify;\">La <strong>Commissione delle Nazioni Unite per il diritto commerciale internazionale<\/strong> (United Nations Commission on International Trade Law \u2013 <a href=\"https:\/\/uncitral.un.org\/en\">UNCITRAL<\/a>) \u00e8 stata istituita dall\u2019Assemblea Generale nel 1966 al fine di promuovere la progressiva armonizzazione del diritto commerciale internazionale. Alla Commissione viene riconosciuto il ruolo di principale ente giuridico in questo ambito e, sin dalla data della sua istituzione, si \u00e8 impegnata costantemente per rimuovere o ridurre le differenze normative nazionali che ostacolano il commercio internazionale.<\/p>\n<p style=\"text-align: justify;\">Commercio \u00e8 sinonimo di crescita, livelli di vita pi\u00f9 elevati e nuove opportunit\u00e0. Al fine di accrescere queste opportunit\u00e0 a livello mondiale, UNCITRAL lavora per la definizione di norme uniformi, eque e moderne per la disciplina delle transazioni commerciali internazionali. La sua attivit\u00e0 include:<\/p>\n<ul style=\"text-align: justify;\">\n<li>Convenzioni, modelli di legge e regole uniformi;<\/li>\n<li>Guide e raccomandazioni giuridiche e legislative;<\/li>\n<li>Assistenza tecnica nell\u2019elaborazione di progetti di riforme normative;<\/li>\n<li>Informazioni aggiornate sulla giurisprudenza e sulle applicazioni del diritto commerciale uniforme;<\/li>\n<li>Seminari regionali e nazionali sul diritto commerciale uniforme.<\/li>\n<\/ul>\n<p style=\"text-align: justify;\">La Commissione si compone di settanta Stati membri, eletti dall\u2019Assemblea Generale in modo da garantire la rappresentanza delle varie aree geografiche e dei vari sistemi giuridici ed economici esistenti. I membri della Commissione vengono eletti per sei anni. L\u2019Italia \u00e8 attualmente membro, con mandato in scadenza nel 2028. La membership \u00e8 scaglionata in modo che ogni tre anni venga rinnovata la met\u00e0 dei membri.<\/p>\n<p style=\"text-align: justify;\">I lavori della Commissione sono organizzati su base annua, con sessioni che si svolgono alternativamente a New York o a Vienna. I lavori preparatori vengono peraltro svolti da sei gruppi di lavoro tematici, in ognuno dei quali sono rappresentati gli Stati membri della Commissione, nonch\u00e9 Stati non membri e osservatori:<\/p>\n<ul style=\"text-align: justify;\">\n<li>Gruppo di lavoro I \u2013 Micro, Piccole e Medie Imprese (MPMI)<\/li>\n<li>Gruppo di lavoro II \u2013 Soluzione delle controversie<\/li>\n<li>Gruppo di lavoro III \u2013 Riforma del sistema di risoluzione delle controversie tra Stato e investitori<\/li>\n<li>Gruppo di lavoro IV \u2013 Commercio elettronico<\/li>\n<li>Gruppo di lavoro V \u2013 Diritto fallimentare<\/li>\n<li>Gruppo di lavoro VI \u2013 Garanzie reali (Security Interests)<\/li>\n<\/ul>\n<p style=\"text-align: justify;\">Ogni gruppo si riunisce solitamente una o due volte all\u2019anno, a seconda della materia da trattare, e le sessioni si alternano tra New York e Vienna.<\/p>\n<p style=\"text-align: justify;\">Oltre agli Stati membri, tutti gli Stati che non sono membri, cos\u00ec come le organizzazioni internazionali interessate possono partecipare alle sessioni della Commissione e dei suoi gruppi di lavoro in qualit\u00e0 di osservatori. Gli osservatori possono partecipare alle discussioni alla stessa stregua dei membri.<\/p>\n<p>&nbsp;<\/p>\n<p style=\"text-align: justify;\"><strong>Agenda 2030 per lo Sviluppo Sostenibile: il ruolo di UNCITRAL<\/strong><\/p>\n<p style=\"text-align: justify;\">In quanto promotrice del rispetto del diritto nel quadro del commercio internazionale, UNCITRAL contribuisce a perseguire gli obiettivi di sviluppo sostenibile posti dall\u2019Agenda 2030, ed in particolare gli obiettivi 1 (No poverty), 4 (Quality Education), 5 (Gender Equality), 8 (Decent work and economic growth), 9 (Industry, Innovation and Infrastructure), 10 (Reduced inequalities), 12 (Responsible consumption and production), 16 (Peace, Justice and Strong Institutions) and 17 (Partnership for the goals). Il contributo di UNCITRAL al riguardo si esplica su pi\u00f9 fronti e concerne aree diverse, per quanto interdipendenti. UNCITRAL, ad esempio, sostiene la crescita promuovendo un ambiente giuridico suscettibile di attrarre potenziali donatori ed investitori, nonch\u00e9 strumenti idonei a consentire alle imprese di ogni dimensione di essere create e di crescere. Promuove inoltre la regolamentazione del commercio,\u00a0riconosciuta come fattore di stabilit\u00e0 atto ad agevolare la mobilitazione delle risorse. Coopera inoltre nella promozione della parit\u00e0 di genere, definendo norme volte a ridurre gli ostacoli cui le micro e piccole imprese (guidate soprattutto da donne) devono far fronte.<\/p>\n<p style=\"text-align: justify;\"><strong>LINK UTILI<\/strong><\/p>\n<p style=\"text-align: justify;\"><a href=\"https:\/\/uncitral.tumblr.com\/?lf=898&amp;lng=en\">Cosa c\u2019\u00e8 di nuovo in UNCITRAL<\/a><\/p>\n<p style=\"text-align: justify;\">\n","protected":false},"excerpt":{"rendered":"La Commissione delle Nazioni Unite per il diritto commerciale internazionale (United Nations Commission on International Trade Law \u2013 UNCITRAL) \u00e8 stata istituita dall\u2019Assemblea Generale nel 1966 al fine di promuovere la progressiva armonizzazione del diritto commerciale internazionale. Alla Commissione viene riconosciuto il ruolo di principale ente giuridico in questo ambito e, sin dalla data della [&hellip;]","protected":false},"author":1,"featured_media":0,"parent":10,"menu_order":12,"comment_status":"closed","ping_status":"closed","template":"","meta":{"footnotes":""},"class_list":["post-232","page","type-page","status-publish","hentry"],"_links":{"self":[{"href":"https:\/\/italiarappvienna.esteri.it\/it\/wp-json\/wp\/v2\/pages\/232","targetHints":{"allow":["GET"]}}],"collection":[{"href":"https:\/\/italiarappvienna.esteri.it\/it\/wp-json\/wp\/v2\/pages"}],"about":[{"href":"https:\/\/italiarappvienna.esteri.it\/it\/wp-json\/wp\/v2\/types\/page"}],"author":[{"embeddable":true,"href":"https:\/\/italiarappvienna.esteri.it\/it\/wp-json\/wp\/v2\/users\/1"}],"replies":[{"embeddable":true,"href":"https:\/\/italiarappvienna.esteri.it\/it\/wp-json\/wp\/v2\/comments?post=232"}],"version-history":[{"count":6,"href":"https:\/\/italiarappvienna.esteri.it\/it\/wp-json\/wp\/v2\/pages\/232\/revisions"}],"predecessor-version":[{"id":5338,"href":"https:\/\/italiarappvienna.esteri.it\/it\/wp-json\/wp\/v2\/pages\/232\/revisions\/5338"}],"up":[{"embeddable":true,"href":"https:\/\/italiarappvienna.esteri.it\/it\/wp-json\/wp\/v2\/pages\/10"}],"wp:attachment":[{"href":"https:\/\/italiarappvienna.esteri.it\/it\/wp-json\/wp\/v2\/media?parent=232"}],"curies":[{"name":"wp","href":"https:\/\/api.w.org\/{rel}","templated":true}]}}